{"id":116,"date":"2016-11-26T17:32:53","date_gmt":"2016-11-26T16:32:53","guid":{"rendered":"http:\/\/gold-casino.cz\/?page_id=116"},"modified":"2017-06-20T19:40:44","modified_gmt":"2017-06-20T17:40:44","slug":"kdo-jsme","status":"publish","type":"page","link":"https:\/\/www.gold-casino.cz\/index.php\/gold-casino-cz\/kdo-jsme\/","title":{"rendered":"Kdo jsme"},"content":{"rendered":"<h1><span style=\"color: #ffff00;\"><br \/>\nKdo jsme<\/span><\/h1>\n<p><span style=\"color: #00ffff;\">Gold Casino je v\u00fdjime\u010dn\u00e9 z\u00e1bavn\u00e9 casino, kter\u00e9 dod\u00e1 Va\u0161emu ve\u010d\u00edrku spr\u00e1vn\u00fd n\u00e1boj a vzru\u0161en\u00ed!<\/span><br \/>\n<span style=\"color: #00ffff;\"> <strong> Nab\u00edz\u00edme jedine\u010dn\u00e9, stylov\u00e9 vybaven\u00ed, kter\u00e9 dok\u00e1\u017eeme barevn\u011b p\u0159izp\u016fsobit Va\u0161emu p\u0159\u00e1n\u00ed.<\/strong><\/span><br \/>\n<span style=\"color: #00ffff;\"> Profesion\u00e1ln\u00ed krupi\u00e9\u0159i a krupi\u00e9rky s bohat\u00fdmi zku\u0161enostmi, jen\u017e V\u00e1s zasv\u011bt\u00ed do taj\u016f a pravidel v\u0161ech casinov\u00fdch her jsou samoz\u0159ejmost\u00ed.<\/span><br \/>\n<span style=\"color: #00ffff;\"> S n\u00e1mi se v\u0161ak nemus\u00edte ob\u00e1vat finan\u010dn\u00edho bankrotu, nehrajeme o pen\u00edze, hrajeme pro z\u00e1bavu!<br \/>\n<\/span><br \/>\n<span style=\"color: #00ffff;\"> Gold Casino V\u00e1m zprost\u0159edkuje dojem slavn\u00e9 \u00e9ry kasina 30. let.<\/span><br \/>\n<span style=\"color: #00ffff;\"> <strong> Unik\u00e1tn\u00ed pozlacen\u00e1 ruleta<\/strong>, dopl\u0148ky z brok\u00e1tu, vkusn\u00e9 osv\u011btlen\u00ed vytvo\u0159\u00ed jedine\u010dnou atmosf\u00e9ru.<\/span><br \/>\n<span style=\"color: #00ffff;\"> Postar\u00e1me se o kompletn\u00ed zaji\u0161t\u011bn\u00ed provozu casina na ve\u010d\u00edrku v\u010detn\u011b z\u00e1v\u011bre\u010dn\u00e9ho vyvrcholen\u00ed ve form\u011b dra\u017eby cen pod veden\u00edm na\u0161eho zku\u0161en\u00e9ho licit\u00e1tora!<\/span><\/p>\n<p><img decoding=\"async\" loading=\"lazy\" class=\"aligncenter size-medium wp-image-155\" src=\"http:\/\/gold-casino.cz\/wp-content\/uploads\/2016\/11\/moderator-154x300.jpg\" alt=\"moderator\" width=\"154\" height=\"300\" srcset=\"https:\/\/www.gold-casino.cz\/wp-content\/uploads\/2016\/11\/moderator-154x300.jpg 154w, https:\/\/www.gold-casino.cz\/wp-content\/uploads\/2016\/11\/moderator-768x1501.jpg 768w, https:\/\/www.gold-casino.cz\/wp-content\/uploads\/2016\/11\/moderator-524x1024.jpg 524w, https:\/\/www.gold-casino.cz\/wp-content\/uploads\/2016\/11\/moderator.jpg 1217w\" sizes=\"(max-width: 154px) 100vw, 154px\" \/><br \/>\n<span style=\"color: #00ffff;\"> Bav\u00edme lidi, proto\u017ee n\u00e1s to bav\u00ed.<\/span><\/p>\n<p><a href=\"https:\/\/www.toplist.cz\/stat\/1768965\" target=\"_top\"><img decoding=\"async\" loading=\"lazy\" src=\"https:\/\/toplist.cz\/count.asp?id=1768965&amp;logo=s\" alt=\"TOPlist\" width=\"14\" height=\"14\" border=\"0\" \/><\/a><\/p>\n","protected":false},"excerpt":{"rendered":"Kdo jsme Gold Casino je v\u00fdjime\u010dn\u00e9 z\u00e1bavn\u00e9 casino, kter\u00e9 dod\u00e1 Va\u0161emu ve\u010d\u00edrku spr\u00e1vn\u00fd n\u00e1boj a vzru\u0161en\u00ed! Nab\u00edz\u00edme jedine\u010dn\u00e9, stylov\u00e9 vybaven\u00ed, kter\u00e9 dok\u00e1\u017eeme barevn\u011b p\u0159izp\u016fsobit Va\u0161emu p\u0159\u00e1n\u00ed. Profesion\u00e1ln\u00ed krupi\u00e9\u0159i a krupi\u00e9rky s bohat\u00fdmi zku\u0161enostmi, jen\u017e V\u00e1s zasv\u011bt\u00ed do taj\u016f a pravidel v\u0161ech casinov\u00fdch her jsou samoz\u0159ejmost\u00ed. S n\u00e1mi se v\u0161ak nemus\u00edte ob\u00e1vat finan\u010dn\u00edho bankrotu, nehrajeme o [&hellip;]","protected":false},"author":1,"featured_media":0,"parent":4,"menu_order":0,"comment_status":"closed","ping_status":"closed","template":"","meta":{"om_disable_all_campaigns":false,"_mi_skip_tracking":false,"_monsterinsights_sitenote_active":false,"_monsterinsights_sitenote_note":"","_monsterinsights_sitenote_category":0},"aioseo_notices":[],"_links":{"self":[{"href":"https:\/\/www.gold-casino.cz\/index.php\/wp-json\/wp\/v2\/pages\/116"}],"collection":[{"href":"https:\/\/www.gold-casino.cz\/index.php\/wp-json\/wp\/v2\/pages"}],"about":[{"href":"https:\/\/www.gold-casino.cz\/index.php\/wp-json\/wp\/v2\/types\/page"}],"author":[{"embeddable":true,"href":"https:\/\/www.gold-casino.cz\/index.php\/wp-json\/wp\/v2\/users\/1"}],"replies":[{"embeddable":true,"href":"https:\/\/www.gold-casino.cz\/index.php\/wp-json\/wp\/v2\/comments?post=116"}],"version-history":[{"count":0,"href":"https:\/\/www.gold-casino.cz\/index.php\/wp-json\/wp\/v2\/pages\/116\/revisions"}],"up":[{"embeddable":true,"href":"https:\/\/www.gold-casino.cz\/index.php\/wp-json\/wp\/v2\/pages\/4"}],"wp:attachment":[{"href":"https:\/\/www.gold-casino.cz\/index.php\/wp-json\/wp\/v2\/media?parent=116"}],"curies":[{"name":"wp","href":"https:\/\/api.w.org\/{rel}","templated":true}]}}