{"id":23,"date":"2016-11-12T00:12:22","date_gmt":"2016-11-11T23:12:22","guid":{"rendered":"http:\/\/gold-casino.cz\/?page_id=23"},"modified":"2018-10-28T17:45:50","modified_gmt":"2018-10-28T16:45:50","slug":"ruleta","status":"publish","type":"page","link":"https:\/\/www.gold-casino.cz\/index.php\/gold-casino-cz\/nase-hry\/ruleta\/","title":{"rendered":"Ruleta"},"content":{"rendered":"<h1 style=\"text-align: left;\"><span style=\"color: #ffff00;\">Ruleta<\/span><\/h1>\n<p><span style=\"color: #00ffff;\">Je \u010dist\u00fd hazard a jedna z nejz\u00e1bavn\u011bj\u0161\u00edch her, p\u0159i kter\u00e9 se rozhodn\u011b nudit nebudete.<\/span><\/p>\n<p><span style=\"color: #00ffff;\">K dispozici\u00a0\u00a0m\u00e1me pro z\u00e1kazn\u00edka na v\u00fdb\u011br\u00a0profesion\u00e1ln\u00ed modern\u00ed ruletov\u00e9 kolo s pr\u016fm\u011brem 80 cm <strong>John Huxley London<\/strong>, a nebo s na\u0161\u00ed chloubou &#8211; POZLACEN\u00ddM secesn\u00edm kolem <strong>G.Caro Paris<\/strong>, kter\u00e9 pro n\u00e1s zrenovovali\u00a0a pozlatili odborn\u00edci, kte\u0159\u00ed se pod\u00edlej\u00ed na designu pr\u00e9miov\u00fdch voz\u016f BENTLEY a LAMBORGHINI.<\/span><\/p>\n<p><span style=\"color: #00ffff;\">Pro komfort hr\u00e1\u010d\u016f pou\u017e\u00edv\u00e1me hern\u00ed stoly o rozm\u011brech 240&#215;140 cm.<\/span><\/p>\n<p><span style=\"color: #00ffff;\">Hru &#8222;Ruleta&#8220; net\u0159eba bl\u00ed\u017ee p\u0159edstavovat.<\/span><\/p>\n<p><span style=\"color: #00ffff;\">Jen stru\u010dn\u011b: \u010d\u00edsla 1 a\u017e 36 a nav\u00edc jedna 0 (nula).<\/span><br \/>\n<span style=\"color: #00ffff;\"> Vsadit m\u016f\u017eete jednoduch\u00e9 s\u00e1zky typu \u010derven\u00e1 \/ \u010dern\u00e1<\/span><\/p>\n<p><span style=\"color: #00ffff;\">nebo<\/span><br \/>\n<span style=\"color: #00ffff;\"> konkr\u00e9tn\u00ed \u010d\u00edsla a jejich r\u016fzn\u00e9 kombinace v\u010detn\u011b slo\u017eit\u011bj\u0161\u00edch hl\u00e1\u0161en\u00fdch s\u00e1zek.<\/span><\/p>\n<p><span style=\"color: #00ffff;\">Podrobn\u011b zde:<\/span><br \/>\n<span style=\"color: #00ffff;\"> <a style=\"color: #00ffff;\" href=\"https:\/\/cs.wikipedia.org\/wiki\/Ruleta\" target=\"_blank\">https:\/\/cs.wikipedia.org\/wiki\/Ruleta<\/a><\/span><\/p>\n<h4 style=\"text-align: left;\">\u00a0<img decoding=\"async\" loading=\"lazy\" class=\"size-full wp-image-214\" src=\"http:\/\/gold-casino.cz\/wp-content\/uploads\/2017\/02\/ruleta1.jpg\" alt=\"Padne nula?\" width=\"2156\" height=\"1296\" srcset=\"https:\/\/www.gold-casino.cz\/wp-content\/uploads\/2017\/02\/ruleta1.jpg 2156w, https:\/\/www.gold-casino.cz\/wp-content\/uploads\/2017\/02\/ruleta1-300x180.jpg 300w, https:\/\/www.gold-casino.cz\/wp-content\/uploads\/2017\/02\/ruleta1-768x462.jpg 768w, https:\/\/www.gold-casino.cz\/wp-content\/uploads\/2017\/02\/ruleta1-1024x616.jpg 1024w\" sizes=\"(max-width: 2156px) 100vw, 2156px\" \/><\/h4>\n<p><span style=\"color: #00ffff;\">Padne nula?<\/span><\/p>\n<div id=\"attachment_371\" style=\"width: 810px\" class=\"wp-caption aligncenter\"><img aria-describedby=\"caption-attachment-371\" decoding=\"async\" loading=\"lazy\" class=\"size-full wp-image-371\" src=\"http:\/\/gold-casino.cz\/wp-content\/uploads\/2018\/02\/GC-ruleta3x.jpg\" alt=\"Z t\u011bchto rulet V\u00e1m \u017e\u00e1dn\u00e1 \u0161koda nehroz\u00ed.\" width=\"800\" height=\"450\" srcset=\"https:\/\/www.gold-casino.cz\/wp-content\/uploads\/2018\/02\/GC-ruleta3x.jpg 1920w, https:\/\/www.gold-casino.cz\/wp-content\/uploads\/2018\/02\/GC-ruleta3x-300x169.jpg 300w, https:\/\/www.gold-casino.cz\/wp-content\/uploads\/2018\/02\/GC-ruleta3x-768x432.jpg 768w, https:\/\/www.gold-casino.cz\/wp-content\/uploads\/2018\/02\/GC-ruleta3x-1024x576.jpg 1024w\" sizes=\"(max-width: 800px) 100vw, 800px\" \/><p id=\"caption-attachment-371\" class=\"wp-caption-text\"><span style=\"color: #00ffff;\">Gold Casino: ruletov\u00fd koutek<\/span><\/p><\/div>\n<p>&nbsp;<\/p>\n<div id=\"attachment_185\" style=\"width: 810px\" class=\"wp-caption aligncenter\"><img aria-describedby=\"caption-attachment-185\" decoding=\"async\" loading=\"lazy\" class=\"size-full wp-image-185\" src=\"http:\/\/gold-casino.cz\/wp-content\/uploads\/2016\/11\/GCstolyBlue.jpg\" alt=\"Gold Casino stoly v modr\u00e9\" width=\"800\" height=\"450\" srcset=\"https:\/\/www.gold-casino.cz\/wp-content\/uploads\/2016\/11\/GCstolyBlue.jpg 800w, https:\/\/www.gold-casino.cz\/wp-content\/uploads\/2016\/11\/GCstolyBlue-300x169.jpg 300w, https:\/\/www.gold-casino.cz\/wp-content\/uploads\/2016\/11\/GCstolyBlue-768x432.jpg 768w\" sizes=\"(max-width: 800px) 100vw, 800px\" \/><p id=\"caption-attachment-185\" class=\"wp-caption-text\"><span style=\"color: #00ffff;\">Gold Casino stoly v modr\u00e9<\/span><\/p><\/div>\n<p>&nbsp;<\/p>\n<div id=\"attachment_186\" style=\"width: 810px\" class=\"wp-caption aligncenter\"><img aria-describedby=\"caption-attachment-186\" decoding=\"async\" loading=\"lazy\" class=\"size-full wp-image-186\" src=\"http:\/\/gold-casino.cz\/wp-content\/uploads\/2016\/11\/GCstolyGreen.jpg\" alt=\"Gold Casino stoly v zelen\u00e9\" width=\"800\" height=\"450\" srcset=\"https:\/\/www.gold-casino.cz\/wp-content\/uploads\/2016\/11\/GCstolyGreen.jpg 800w, https:\/\/www.gold-casino.cz\/wp-content\/uploads\/2016\/11\/GCstolyGreen-300x169.jpg 300w, https:\/\/www.gold-casino.cz\/wp-content\/uploads\/2016\/11\/GCstolyGreen-768x432.jpg 768w\" sizes=\"(max-width: 800px) 100vw, 800px\" \/><p id=\"caption-attachment-186\" class=\"wp-caption-text\"><span style=\"color: #00ffff;\">Gold Casino stoly v zelen\u00e9<\/span><\/p><\/div>\n<p>&nbsp;<\/p>\n<div id=\"attachment_187\" style=\"width: 810px\" class=\"wp-caption aligncenter\"><img aria-describedby=\"caption-attachment-187\" decoding=\"async\" loading=\"lazy\" class=\"size-full wp-image-187\" src=\"http:\/\/gold-casino.cz\/wp-content\/uploads\/2016\/11\/GCstolyRed.jpg\" alt=\"Gold Casino stoly v \u010derven\u00e9\" width=\"800\" height=\"450\" srcset=\"https:\/\/www.gold-casino.cz\/wp-content\/uploads\/2016\/11\/GCstolyRed.jpg 800w, https:\/\/www.gold-casino.cz\/wp-content\/uploads\/2016\/11\/GCstolyRed-300x169.jpg 300w, https:\/\/www.gold-casino.cz\/wp-content\/uploads\/2016\/11\/GCstolyRed-768x432.jpg 768w\" sizes=\"(max-width: 800px) 100vw, 800px\" \/><p id=\"caption-attachment-187\" class=\"wp-caption-text\"><span style=\"color: #00ffff;\">Gold Casino stoly v \u010derven\u00e9<\/span><\/p><\/div>\n<p>&nbsp;<\/p>\n<div id=\"attachment_188\" style=\"width: 810px\" class=\"wp-caption aligncenter\"><img aria-describedby=\"caption-attachment-188\" decoding=\"async\" loading=\"lazy\" class=\"size-full wp-image-188\" src=\"http:\/\/gold-casino.cz\/wp-content\/uploads\/2016\/11\/GCstolyWhite.jpg\" alt=\"Gold Casino stoly v b\u00edl\u00e9\" width=\"800\" height=\"450\" srcset=\"https:\/\/www.gold-casino.cz\/wp-content\/uploads\/2016\/11\/GCstolyWhite.jpg 800w, https:\/\/www.gold-casino.cz\/wp-content\/uploads\/2016\/11\/GCstolyWhite-300x169.jpg 300w, https:\/\/www.gold-casino.cz\/wp-content\/uploads\/2016\/11\/GCstolyWhite-768x432.jpg 768w\" sizes=\"(max-width: 800px) 100vw, 800px\" \/><p id=\"caption-attachment-188\" class=\"wp-caption-text\"><span style=\"color: #00ffff;\">Gold Casino stoly v b\u00edl\u00e9<\/span><\/p><\/div>\n<p>&nbsp;<\/p>\n<div id=\"attachment_215\" style=\"width: 810px\" class=\"wp-caption aligncenter\"><img aria-describedby=\"caption-attachment-215\" decoding=\"async\" loading=\"lazy\" class=\"size-full wp-image-215\" src=\"http:\/\/gold-casino.cz\/wp-content\/uploads\/2017\/02\/ruleta11.jpg\" alt=\"To chce m\u00edt n\u00e1hled...\" width=\"800\" height=\"450\" \/><p id=\"caption-attachment-215\" class=\"wp-caption-text\"><span style=\"color: #00ffff;\">To chce m\u00edt n\u00e1hled&#8230;<\/span><\/p><\/div>\n<h2><\/h2>\n<p>&nbsp;<\/p>\n","protected":false},"excerpt":{"rendered":"Ruleta Je \u010dist\u00fd hazard a jedna z nejz\u00e1bavn\u011bj\u0161\u00edch her, p\u0159i kter\u00e9 se rozhodn\u011b nudit nebudete. K dispozici\u00a0\u00a0m\u00e1me pro z\u00e1kazn\u00edka na v\u00fdb\u011br\u00a0profesion\u00e1ln\u00ed modern\u00ed ruletov\u00e9 kolo s pr\u016fm\u011brem 80 cm John Huxley London, a nebo s na\u0161\u00ed chloubou &#8211; POZLACEN\u00ddM secesn\u00edm kolem G.Caro Paris, kter\u00e9 pro n\u00e1s zrenovovali\u00a0a pozlatili odborn\u00edci, kte\u0159\u00ed se pod\u00edlej\u00ed na designu pr\u00e9miov\u00fdch voz\u016f [&hellip;]","protected":false},"author":1,"featured_media":0,"parent":111,"menu_order":0,"comment_status":"closed","ping_status":"closed","template":"","meta":{"om_disable_all_campaigns":false,"_mi_skip_tracking":false,"_monsterinsights_sitenote_active":false,"_monsterinsights_sitenote_note":"","_monsterinsights_sitenote_category":0},"aioseo_notices":[],"_links":{"self":[{"href":"https:\/\/www.gold-casino.cz\/index.php\/wp-json\/wp\/v2\/pages\/23"}],"collection":[{"href":"https:\/\/www.gold-casino.cz\/index.php\/wp-json\/wp\/v2\/pages"}],"about":[{"href":"https:\/\/www.gold-casino.cz\/index.php\/wp-json\/wp\/v2\/types\/page"}],"author":[{"embeddable":true,"href":"https:\/\/www.gold-casino.cz\/index.php\/wp-json\/wp\/v2\/users\/1"}],"replies":[{"embeddable":true,"href":"https:\/\/www.gold-casino.cz\/index.php\/wp-json\/wp\/v2\/comments?post=23"}],"version-history":[{"count":0,"href":"https:\/\/www.gold-casino.cz\/index.php\/wp-json\/wp\/v2\/pages\/23\/revisions"}],"up":[{"embeddable":true,"href":"https:\/\/www.gold-casino.cz\/index.php\/wp-json\/wp\/v2\/pages\/111"}],"wp:attachment":[{"href":"https:\/\/www.gold-casino.cz\/index.php\/wp-json\/wp\/v2\/media?parent=23"}],"curies":[{"name":"wp","href":"https:\/\/api.w.org\/{rel}","templated":true}]}}