{"id":314,"date":"2017-09-28T22:25:31","date_gmt":"2017-09-28T20:25:31","guid":{"rendered":"http:\/\/gold-casino.cz\/?page_id=314"},"modified":"2017-09-28T22:44:05","modified_gmt":"2017-09-28T20:44:05","slug":"fotogalerie","status":"publish","type":"page","link":"https:\/\/www.gold-casino.cz\/index.php\/fotogalerie\/","title":{"rendered":"Fotogalerie"},"content":{"rendered":"\r\n\t\t\t\t\t\n\r\n\t\t\t\t\t<!-- START UNITE GALLERY 1.7.60 -->\r\n\t\t\t\t\t\r\n\t\t\t\t\n\t\t\t<div id='unitegallery_1_1' class='unite-gallery' style='margin:0px auto;'>\n\t\t\t\t\n\n\t\t\t\t\t\t<img alt=\"gc-stoly\"\n\t\t\t\t\t\t     src=\"\" data-image=\"https:\/\/www.gold-casino.cz\/wp-content\/uploads\/2018\/02\/GC-stoly.jpg\"\n\t\t\t\t\t\t     data-thumb=\"https:\/\/www.gold-casino.cz\/wp-content\/uploads\/2018\/02\/GC-stoly-300x169.jpg\"\n\t\t\t\t\t\t     title=\"Gold Casino m\u00e1 samoz\u0159ejm\u011b k dispozici v\u00edce stol\u016f i na velk\u00e9 akce \"\n\t\t\t\t\t\t     style=\"display:none\">\n\n\t\t\t\t\t\t<img alt=\"gc-ruleta17\"\n\t\t\t\t\t\t     src=\"\" data-image=\"https:\/\/www.gold-casino.cz\/wp-content\/uploads\/2017\/12\/GC-ruleta17.jpg\"\n\t\t\t\t\t\t     data-thumb=\"https:\/\/www.gold-casino.cz\/wp-content\/uploads\/2017\/12\/GC-ruleta17-300x168.jpg\"\n\t\t\t\t\t\t     title=\"S n\u00e1mi je ruleta z\u00e1bavou.\"\n\t\t\t\t\t\t     style=\"display:none\">\n\n\t\t\t\t\t\t<img alt=\"OLYMPUS DIGITAL CAMERA\"\n\t\t\t\t\t\t     src=\"\" data-image=\"https:\/\/www.gold-casino.cz\/wp-content\/uploads\/2017\/02\/blackjack3.jpg\"\n\t\t\t\t\t\t     data-thumb=\"https:\/\/www.gold-casino.cz\/wp-content\/uploads\/2017\/02\/blackjack3-300x164.jpg\"\n\t\t\t\t\t\t     title=\"\"\n\t\t\t\t\t\t     style=\"display:none\">\n\n\t\t\t\t\t\t<img alt=\"To chce m\u00edt n\u00e1hled...\"\n\t\t\t\t\t\t     src=\"\" data-image=\"https:\/\/www.gold-casino.cz\/wp-content\/uploads\/2017\/02\/ruleta11.jpg\"\n\t\t\t\t\t\t     data-thumb=\"https:\/\/www.gold-casino.cz\/wp-content\/uploads\/2017\/02\/ruleta11-300x165.jpg\"\n\t\t\t\t\t\t     title=\"\"\n\t\t\t\t\t\t     style=\"display:none\">\n\n\t\t\t\t\t\t<img alt=\"OLYMPUS DIGITAL CAMERA\"\n\t\t\t\t\t\t     src=\"\" data-image=\"https:\/\/www.gold-casino.cz\/wp-content\/uploads\/2016\/11\/poker1.jpg\"\n\t\t\t\t\t\t     data-thumb=\"https:\/\/www.gold-casino.cz\/wp-content\/uploads\/2016\/11\/poker1-300x171.jpg\"\n\t\t\t\t\t\t     title=\"\"\n\t\t\t\t\t\t     style=\"display:none\">\n\n\t\t\t\t\t\t<img alt=\"OLYMPUS DIGITAL CAMERA\"\n\t\t\t\t\t\t     src=\"\" data-image=\"https:\/\/www.gold-casino.cz\/wp-content\/uploads\/2017\/02\/kostkyiBJ.jpg\"\n\t\t\t\t\t\t     data-thumb=\"https:\/\/www.gold-casino.cz\/wp-content\/uploads\/2017\/02\/kostkyiBJ-300x185.jpg\"\n\t\t\t\t\t\t     title=\"\"\n\t\t\t\t\t\t     style=\"display:none\">\n\n\t\t\t\t\t\t<img alt=\"OLYMPUS DIGITAL CAMERA\"\n\t\t\t\t\t\t     src=\"\" data-image=\"https:\/\/www.gold-casino.cz\/wp-content\/uploads\/2017\/02\/kostky1.jpg\"\n\t\t\t\t\t\t     data-thumb=\"https:\/\/www.gold-casino.cz\/wp-content\/uploads\/2017\/02\/kostky1-300x173.jpg\"\n\t\t\t\t\t\t     title=\"\"\n\t\t\t\t\t\t     style=\"display:none\">\n\n\t\t\t\t\t\t<img alt=\"img_20170922p\"\n\t\t\t\t\t\t     src=\"\" data-image=\"https:\/\/www.gold-casino.cz\/wp-content\/uploads\/2017\/09\/IMG_20170922P.jpg\"\n\t\t\t\t\t\t     data-thumb=\"https:\/\/www.gold-casino.cz\/wp-content\/uploads\/2017\/09\/IMG_20170922P-225x300.jpg\"\n\t\t\t\t\t\t     title=\"\"\n\t\t\t\t\t\t     style=\"display:none\">\n\n\t\t\t\t\t\t<img alt=\"img_20170922l\"\n\t\t\t\t\t\t     src=\"\" data-image=\"https:\/\/www.gold-casino.cz\/wp-content\/uploads\/2017\/09\/IMG_20170922L.jpg\"\n\t\t\t\t\t\t     data-thumb=\"https:\/\/www.gold-casino.cz\/wp-content\/uploads\/2017\/09\/IMG_20170922L-225x300.jpg\"\n\t\t\t\t\t\t     title=\"Se zku\u0161en\u00fdmi bavi\u010di je to fakt z\u00e1bava.\"\n\t\t\t\t\t\t     style=\"display:none\">\n\n\t\t\t\t\t\t<img alt=\"img_20170922g\"\n\t\t\t\t\t\t     src=\"\" data-image=\"https:\/\/www.gold-casino.cz\/wp-content\/uploads\/2017\/09\/IMG_20170922G.jpg\"\n\t\t\t\t\t\t     data-thumb=\"https:\/\/www.gold-casino.cz\/wp-content\/uploads\/2017\/09\/IMG_20170922G-300x225.jpg\"\n\t\t\t\t\t\t     title=\"\"\n\t\t\t\t\t\t     style=\"display:none\">\n\n\t\t\t\t\t\t<img alt=\"gc-vinne2\"\n\t\t\t\t\t\t     src=\"\" data-image=\"https:\/\/www.gold-casino.cz\/wp-content\/uploads\/2017\/10\/GC-vinne2.jpg\"\n\t\t\t\t\t\t     data-thumb=\"https:\/\/www.gold-casino.cz\/wp-content\/uploads\/2017\/10\/GC-vinne2-300x200.jpg\"\n\t\t\t\t\t\t     title=\"Pozn\u00e1te v\u00edno podle chuti?\"\n\t\t\t\t\t\t     style=\"display:none\">\n\n\t\t\t\t\t\t<img alt=\"vinnea\"\n\t\t\t\t\t\t     src=\"\" data-image=\"https:\/\/www.gold-casino.cz\/wp-content\/uploads\/2018\/02\/vinneA.jpg\"\n\t\t\t\t\t\t     data-thumb=\"https:\/\/www.gold-casino.cz\/wp-content\/uploads\/2018\/02\/vinneA-300x168.jpg\"\n\t\t\t\t\t\t     title=\"Ko\u0161tov\u00e1n\u00ed v\u00edn = s\u00e1zka na sv\u00e9 chu\u0165ov\u00e9 poh\u00e1rky\"\n\t\t\t\t\t\t     style=\"display:none\">\n\t\t\t<\/div>\n\n\t\t\t<script type='text\/javascript'>\n\t\t\t\twindow.onload = function(e) {\n\t\t\t\t\tif(typeof ugCheckForErrors == \"undefined\"){\n\t\t\t\t\t\tdocument.getElementById(\"unitegallery_1_1\").innerHTML = \"<span style='color:red'>Unite Gallery Error - gallery js and css files not included in the footer. Please make sure that wp_footer() function is added to your theme.<\/span>\";}\n\t\t\t\t\telse{ ugCheckForErrors(\"unitegallery_1_1\", \"jquery\");}\n\t\t\t\t};\n\t\t\t<\/script>\n\n\t\t\t<!-- END UNITEGALLERY -->\n","protected":false},"excerpt":{"rendered":"","protected":false},"author":1,"featured_media":0,"parent":0,"menu_order":0,"comment_status":"closed","ping_status":"closed","template":"","meta":{"om_disable_all_campaigns":false,"_mi_skip_tracking":false,"_monsterinsights_sitenote_active":false,"_monsterinsights_sitenote_note":"","_monsterinsights_sitenote_category":0},"aioseo_notices":[],"_links":{"self":[{"href":"https:\/\/www.gold-casino.cz\/index.php\/wp-json\/wp\/v2\/pages\/314"}],"collection":[{"href":"https:\/\/www.gold-casino.cz\/index.php\/wp-json\/wp\/v2\/pages"}],"about":[{"href":"https:\/\/www.gold-casino.cz\/index.php\/wp-json\/wp\/v2\/types\/page"}],"author":[{"embeddable":true,"href":"https:\/\/www.gold-casino.cz\/index.php\/wp-json\/wp\/v2\/users\/1"}],"replies":[{"embeddable":true,"href":"https:\/\/www.gold-casino.cz\/index.php\/wp-json\/wp\/v2\/comments?post=314"}],"version-history":[{"count":0,"href":"https:\/\/www.gold-casino.cz\/index.php\/wp-json\/wp\/v2\/pages\/314\/revisions"}],"wp:attachment":[{"href":"https:\/\/www.gold-casino.cz\/index.php\/wp-json\/wp\/v2\/media?parent=314"}],"curies":[{"name":"wp","href":"https:\/\/api.w.org\/{rel}","templated":true}]}}