{"id":347,"date":"2017-10-14T00:00:41","date_gmt":"2017-10-13T22:00:41","guid":{"rendered":"http:\/\/gold-casino.cz\/?page_id=347"},"modified":"2018-02-21T07:23:15","modified_gmt":"2018-02-21T06:23:15","slug":"vinne-casino","status":"publish","type":"page","link":"https:\/\/www.gold-casino.cz\/index.php\/gold-casino-cz\/nase-hry\/vinne-casino\/","title":{"rendered":"Vinn\u00e9 casino"},"content":{"rendered":"<h1 style=\"text-align: left;\"><span style=\"color: #ffff00;\">Vinn\u00e9 casino<\/span><\/h1>\n<p><span style=\"color: #00ffff;\">M\u00e1te r\u00e1di v\u00edno? U tohoto stolu se m\u016f\u017ee hr\u00e1t n\u011bkolik her dle citlivosti va\u0161ich chu\u0165ov\u00fdch bun\u011bk. V\u00edno lze d\u011blit podle n\u011bkolika r\u016fzn\u00fdch parametr\u016f. Mysl\u00edte si, \u017ee dok\u00e1\u017eete ur\u010dit tu spr\u00e1vnou odr\u016fdu? Odhadnout cukernatost? Nebo druh v\u00edna? Pokud jste alespo\u0148 jednou odpov\u011bd\u011bli: \u201eAno.\u201c, anebo si to rovnou chcete vyzkou\u0161et, je tu pro V\u00e1s na\u0161e vinn\u00e9 casino.<\/span><br \/>\n<span style=\"color: #00ffff;\">Je to pohodov\u00e1 hra, kter\u00e1 se hod\u00ed samostatn\u011b na klidn\u00e9 akce a b\u00e1je\u010dn\u011b se kombinuje s dal\u0161\u00edmi hrami mobiln\u00edho Gold-casina.<\/span><br \/>\n<span style=\"color: #00ffff;\">Nechte rozvinout v\u0161echny va\u0161e smysly a otestujte si p\u0159edev\u0161\u00edm zrak, \u010dich a chu\u0165. M\u016f\u017eete si na n\u011b vsadit!<br \/>\nTato hra v sob\u011b kr\u00e1sn\u011b snoub\u00ed vzru\u0161en\u00ed ze hry a poetiku v\u00edna. In vino veritas.<br \/>\nCelou doprovodnou akci m\u016f\u017eeme dodat kompletn\u00ed, pop\u0159\u00edpad\u011b pou\u017eijeme V\u00e1mi dodan\u00e1 v\u00edna.<\/span><\/p>\n<div id=\"attachment_344\" style=\"width: 810px\" class=\"wp-caption aligncenter\"><a href=\"http:\/\/gold-casino.cz\/gc-vinne1\/\"><img aria-describedby=\"caption-attachment-344\" decoding=\"async\" class=\"size-full wp-image-344\" src=\"http:\/\/gold-casino.cz\/wp-content\/uploads\/2017\/10\/GC-vinne1.jpg\" alt=\"Vinn\u00e9 casino\" width=\"800\" srcset=\"https:\/\/www.gold-casino.cz\/wp-content\/uploads\/2017\/10\/GC-vinne1.jpg 1504w, https:\/\/www.gold-casino.cz\/wp-content\/uploads\/2017\/10\/GC-vinne1-300x199.jpg 300w, https:\/\/www.gold-casino.cz\/wp-content\/uploads\/2017\/10\/GC-vinne1-768x511.jpg 768w, https:\/\/www.gold-casino.cz\/wp-content\/uploads\/2017\/10\/GC-vinne1-1024x681.jpg 1024w\" sizes=\"(max-width: 1504px) 100vw, 1504px\" \/><\/a><p id=\"caption-attachment-344\" class=\"wp-caption-text\">(ne)Vinn\u00e9 casino<\/p><\/div>\n<h2 style=\"text-align: left;\"><span style=\"color: #ffff00;\">Vinn\u00e9 casino<\/span><\/h2>\n<p><span style=\"color: #00ffff;\">A tak\u00e9 se m\u016f\u017eete n\u011bco nau\u010dit.<\/span><\/p>\n<div id=\"attachment_358\" style=\"width: 810px\" class=\"wp-caption aligncenter\"><a href=\"http:\/\/gold-casino.cz\/index.php\/gold-casino\/nase-hry\/gc-vinne3\/\" rel=\"attachment wp-att-358\"><img aria-describedby=\"caption-attachment-358\" decoding=\"async\" src=\"http:\/\/gold-casino.cz\/wp-content\/uploads\/2016\/11\/GC-vinne3.jpg\" alt=\"Vinn\u00e9 casino\" width=\"800\" class=\"size-full wp-image-358\" srcset=\"https:\/\/www.gold-casino.cz\/wp-content\/uploads\/2016\/11\/GC-vinne3.jpg 1920w, https:\/\/www.gold-casino.cz\/wp-content\/uploads\/2016\/11\/GC-vinne3-300x200.jpg 300w, https:\/\/www.gold-casino.cz\/wp-content\/uploads\/2016\/11\/GC-vinne3-768x512.jpg 768w, https:\/\/www.gold-casino.cz\/wp-content\/uploads\/2016\/11\/GC-vinne3-1024x683.jpg 1024w\" sizes=\"(max-width: 1920px) 100vw, 1920px\" \/><\/a><p id=\"caption-attachment-358\" class=\"wp-caption-text\">Co to na n\u00e1s chyst\u00e1?<\/p><\/div>\n","protected":false},"excerpt":{"rendered":"Vinn\u00e9 casino M\u00e1te r\u00e1di v\u00edno? U tohoto stolu se m\u016f\u017ee hr\u00e1t n\u011bkolik her dle citlivosti va\u0161ich chu\u0165ov\u00fdch bun\u011bk. V\u00edno lze d\u011blit podle n\u011bkolika r\u016fzn\u00fdch parametr\u016f. Mysl\u00edte si, \u017ee dok\u00e1\u017eete ur\u010dit tu spr\u00e1vnou odr\u016fdu? Odhadnout cukernatost? Nebo druh v\u00edna? Pokud jste alespo\u0148 jednou odpov\u011bd\u011bli: \u201eAno.\u201c, anebo si to rovnou chcete vyzkou\u0161et, je tu pro V\u00e1s na\u0161e [&hellip;]","protected":false},"author":1,"featured_media":0,"parent":111,"menu_order":0,"comment_status":"closed","ping_status":"closed","template":"","meta":{"om_disable_all_campaigns":false,"_mi_skip_tracking":false,"_monsterinsights_sitenote_active":false,"_monsterinsights_sitenote_note":"","_monsterinsights_sitenote_category":0},"aioseo_notices":[],"_links":{"self":[{"href":"https:\/\/www.gold-casino.cz\/index.php\/wp-json\/wp\/v2\/pages\/347"}],"collection":[{"href":"https:\/\/www.gold-casino.cz\/index.php\/wp-json\/wp\/v2\/pages"}],"about":[{"href":"https:\/\/www.gold-casino.cz\/index.php\/wp-json\/wp\/v2\/types\/page"}],"author":[{"embeddable":true,"href":"https:\/\/www.gold-casino.cz\/index.php\/wp-json\/wp\/v2\/users\/1"}],"replies":[{"embeddable":true,"href":"https:\/\/www.gold-casino.cz\/index.php\/wp-json\/wp\/v2\/comments?post=347"}],"version-history":[{"count":0,"href":"https:\/\/www.gold-casino.cz\/index.php\/wp-json\/wp\/v2\/pages\/347\/revisions"}],"up":[{"embeddable":true,"href":"https:\/\/www.gold-casino.cz\/index.php\/wp-json\/wp\/v2\/pages\/111"}],"wp:attachment":[{"href":"https:\/\/www.gold-casino.cz\/index.php\/wp-json\/wp\/v2\/media?parent=347"}],"curies":[{"name":"wp","href":"https:\/\/api.w.org\/{rel}","templated":true}]}}