{"id":53,"date":"2016-11-13T00:58:22","date_gmt":"2016-11-12T23:58:22","guid":{"rendered":"http:\/\/gold-casino.cz\/?page_id=53"},"modified":"2017-06-20T19:43:17","modified_gmt":"2017-06-20T17:43:17","slug":"bj-neboli-black-jack","status":"publish","type":"page","link":"https:\/\/www.gold-casino.cz\/index.php\/gold-casino-cz\/nase-hry\/bj-neboli-black-jack\/","title":{"rendered":"BJ neboli Black Jack"},"content":{"rendered":"<h1 style=\"text-align: left;\"><span style=\"color: #ffff00;\">Black Jack<\/span><\/h1>\n<p><span style=\"color: #00ffff;\">Podobn\u00e9 h\u0159e \u201eoko\u201c. Ka\u017ed\u00e1 karta m\u00e1 svou hodnotu.\u00a0Hr\u00e1\u010d se sna\u017e\u00ed p\u0159ibl\u00ed\u017eit sou\u010dtu sv\u00fdch karet k hranici\u00a0 21, ale nesm\u00ed tuto hodnotu p\u0159ekro\u010dit.<\/span><\/p>\n<p><span style=\"color: #00ffff;\">V\u0161ichni hraj\u00ed pouze proti krupi\u00e9rovi.\u00a0Hr\u00e1\u010d \u00a0sv\u00fdm rozhodnut\u00edm &#8222;vz\u00edt \u010di nevz\u00edt kartu&#8220; ovliv\u0148uje pr\u016fb\u011bh hry.<\/span><\/p>\n<p><span style=\"color: #00ffff;\">Podrobn\u011b zde:<\/span><\/p>\n<p><span style=\"color: #00ffff;\"><a style=\"color: #00ffff;\" href=\"https:\/\/cs.wikipedia.org\/wiki\/Blackjack\">https:\/\/cs.wikipedia.org\/wiki\/Blackjack<\/a><\/span><\/p>\n<p><img decoding=\"async\" loading=\"lazy\" class=\"size-full wp-image-213\" src=\"http:\/\/gold-casino.cz\/wp-content\/uploads\/2017\/02\/kostkyiBJ.jpg\" alt=\"Kartu nebo sta\u010d\u00ed?\" width=\"2097\" height=\"1296\" srcset=\"https:\/\/www.gold-casino.cz\/wp-content\/uploads\/2017\/02\/kostkyiBJ.jpg 2097w, https:\/\/www.gold-casino.cz\/wp-content\/uploads\/2017\/02\/kostkyiBJ-300x185.jpg 300w, https:\/\/www.gold-casino.cz\/wp-content\/uploads\/2017\/02\/kostkyiBJ-768x475.jpg 768w, https:\/\/www.gold-casino.cz\/wp-content\/uploads\/2017\/02\/kostkyiBJ-1024x633.jpg 1024w\" sizes=\"(max-width: 2097px) 100vw, 2097px\" \/><\/p>\n<p><span style=\"color: #00ffff;\">Kartu nebo sta\u010d\u00ed?<\/span><\/p>\n<p><img decoding=\"async\" loading=\"lazy\" class=\"size-full wp-image-209\" src=\"http:\/\/gold-casino.cz\/wp-content\/uploads\/2017\/02\/blackjack2.jpg\" alt=\"U\u017e m\u00e1m 21?\" width=\"2128\" height=\"1222\" srcset=\"https:\/\/www.gold-casino.cz\/wp-content\/uploads\/2017\/02\/blackjack2.jpg 2128w, https:\/\/www.gold-casino.cz\/wp-content\/uploads\/2017\/02\/blackjack2-300x172.jpg 300w, https:\/\/www.gold-casino.cz\/wp-content\/uploads\/2017\/02\/blackjack2-768x441.jpg 768w, https:\/\/www.gold-casino.cz\/wp-content\/uploads\/2017\/02\/blackjack2-1024x588.jpg 1024w\" sizes=\"(max-width: 2128px) 100vw, 2128px\" \/> <span style=\"color: #00ffff;\">U\u017e m\u00e1m 21?<\/span><\/p>\n<p><img decoding=\"async\" loading=\"lazy\" class=\"size-full wp-image-210\" src=\"http:\/\/gold-casino.cz\/wp-content\/uploads\/2017\/02\/blackjack3.jpg\" alt=\"Jde vyhr\u00e1t i se 13kou...\" width=\"2234\" height=\"1220\" srcset=\"https:\/\/www.gold-casino.cz\/wp-content\/uploads\/2017\/02\/blackjack3.jpg 2234w, https:\/\/www.gold-casino.cz\/wp-content\/uploads\/2017\/02\/blackjack3-300x164.jpg 300w, https:\/\/www.gold-casino.cz\/wp-content\/uploads\/2017\/02\/blackjack3-768x419.jpg 768w, https:\/\/www.gold-casino.cz\/wp-content\/uploads\/2017\/02\/blackjack3-1024x559.jpg 1024w\" sizes=\"(max-width: 2234px) 100vw, 2234px\" \/> <span style=\"color: #00ffff;\">Zase p\u0159es?!<\/span><\/p>\n","protected":false},"excerpt":{"rendered":"Black Jack Podobn\u00e9 h\u0159e \u201eoko\u201c. Ka\u017ed\u00e1 karta m\u00e1 svou hodnotu.\u00a0Hr\u00e1\u010d se sna\u017e\u00ed p\u0159ibl\u00ed\u017eit sou\u010dtu sv\u00fdch karet k hranici\u00a0 21, ale nesm\u00ed tuto hodnotu p\u0159ekro\u010dit. V\u0161ichni hraj\u00ed pouze proti krupi\u00e9rovi.\u00a0Hr\u00e1\u010d \u00a0sv\u00fdm rozhodnut\u00edm &#8222;vz\u00edt \u010di nevz\u00edt kartu&#8220; ovliv\u0148uje pr\u016fb\u011bh hry. Podrobn\u011b zde: https:\/\/cs.wikipedia.org\/wiki\/Blackjack Kartu nebo sta\u010d\u00ed? U\u017e m\u00e1m 21? Zase p\u0159es?!","protected":false},"author":1,"featured_media":0,"parent":111,"menu_order":2,"comment_status":"closed","ping_status":"closed","template":"","meta":{"om_disable_all_campaigns":false,"_mi_skip_tracking":false,"_monsterinsights_sitenote_active":false,"_monsterinsights_sitenote_note":"","_monsterinsights_sitenote_category":0},"aioseo_notices":[],"_links":{"self":[{"href":"https:\/\/www.gold-casino.cz\/index.php\/wp-json\/wp\/v2\/pages\/53"}],"collection":[{"href":"https:\/\/www.gold-casino.cz\/index.php\/wp-json\/wp\/v2\/pages"}],"about":[{"href":"https:\/\/www.gold-casino.cz\/index.php\/wp-json\/wp\/v2\/types\/page"}],"author":[{"embeddable":true,"href":"https:\/\/www.gold-casino.cz\/index.php\/wp-json\/wp\/v2\/users\/1"}],"replies":[{"embeddable":true,"href":"https:\/\/www.gold-casino.cz\/index.php\/wp-json\/wp\/v2\/comments?post=53"}],"version-history":[{"count":0,"href":"https:\/\/www.gold-casino.cz\/index.php\/wp-json\/wp\/v2\/pages\/53\/revisions"}],"up":[{"embeddable":true,"href":"https:\/\/www.gold-casino.cz\/index.php\/wp-json\/wp\/v2\/pages\/111"}],"wp:attachment":[{"href":"https:\/\/www.gold-casino.cz\/index.php\/wp-json\/wp\/v2\/media?parent=53"}],"curies":[{"name":"wp","href":"https:\/\/api.w.org\/{rel}","templated":true}]}}